{"id":1217,"date":"2026-02-10T15:24:59","date_gmt":"2026-02-10T14:24:59","guid":{"rendered":"https:\/\/www.techcluster-realestate.de\/?page_id=1217"},"modified":"2026-03-09T11:01:32","modified_gmt":"2026-03-09T10:01:32","slug":"imprint","status":"publish","type":"page","link":"https:\/\/www.techcluster-realestate.de\/en\/impressum\/","title":{"rendered":"Imprint"},"content":{"rendered":"<div data-elementor-type=\"wp-page\" data-elementor-id=\"1217\" class=\"elementor elementor-1217\" data-elementor-post-type=\"page\">\n\t\t\t\t<div class=\"elementor-element elementor-element-e23dda4 e-flex e-con-boxed e-con e-parent\" data-id=\"e23dda4\" data-element_type=\"container\" data-e-type=\"container\" data-settings=\"{&quot;background_background&quot;:&quot;classic&quot;}\">\n\t\t\t\t\t<div class=\"e-con-inner\">\n\t\t<div class=\"elementor-element elementor-element-c4fdd85 e-con-full e-flex e-con e-child\" data-id=\"c4fdd85\" data-element_type=\"container\" data-e-type=\"container\">\n\t\t\t\t<\/div>\n\t\t\t\t\t<\/div>\n\t\t\t\t<\/div>\n\t\t<div class=\"elementor-element elementor-element-48e1287 e-flex e-con-boxed e-con e-parent\" data-id=\"48e1287\" data-element_type=\"container\" data-e-type=\"container\">\n\t\t\t\t\t<div class=\"e-con-inner\">\n\t\t<div class=\"elementor-element elementor-element-2eea0c4 e-con-full e-flex e-con e-child\" data-id=\"2eea0c4\" data-element_type=\"container\" data-e-type=\"container\">\n\t\t\t\t<div class=\"elementor-element elementor-element-9b4c7ad elementor-widget elementor-widget-button\" data-id=\"9b4c7ad\" data-element_type=\"widget\" data-e-type=\"widget\" data-widget_type=\"button.default\">\n\t\t\t\t\t\t\t\t\t\t<a class=\"elementor-button elementor-button-link elementor-size-sm\" href=\"https:\/\/www.techcluster-realestate.de\/en\">\n\t\t\t\t\t\t<span class=\"elementor-button-content-wrapper\">\n\t\t\t\t\t\t<span class=\"elementor-button-icon\">\n\t\t\t\t<svg aria-hidden=\"true\" class=\"e-font-icon-svg e-fas-long-arrow-alt-left\" viewbox=\"0 0 448 512\" xmlns=\"http:\/\/www.w3.org\/2000\/svg\"><path d=\"M134.059 296H436c6.627 0 12-5.373 12-12v-56c0-6.627-5.373-12-12-12H134.059v-46.059c0-21.382-25.851-32.09-40.971-16.971L7.029 239.029c-9.373 9.373-9.373 24.569 0 33.941l86.059 86.059c15.119 15.119 40.971 4.411 40.971-16.971V296z\"><\/path><\/svg>\t\t\t<\/span>\n\t\t\t\t\t\t\t\t\t<span class=\"elementor-button-text\">Back to the homepage<\/span>\n\t\t\t\t\t<\/span>\n\t\t\t\t\t<\/a>\n\t\t\t\t\t\t\t\t<\/div>\n\t\t\t\t<div class=\"elementor-element elementor-element-8b4bfd3 elementor-widget elementor-widget-text-editor\" data-id=\"8b4bfd3\" data-element_type=\"widget\" data-e-type=\"widget\" data-widget_type=\"text-editor.default\">\n\t\t\t\t\t\t\t\t\t<h1>Imprint<\/h1><p>Tech Cluster Real Estate GmbH<br \/>Semmelweisstrasse 5<br \/>82152 Planegg<\/p><p>Commercial register: HRB 134500<br \/>Register court: Munich<\/p><p><strong>Represented by:<\/strong><br \/>Managing Director: Manfred Wander<\/p><h2>Contact us<\/h2><p>Phone: +49 (0) 89 85 89 63 0<br \/>E-mail: kontakt@techcluster-realestate.de<\/p><h2>Sales tax ID<\/h2><p>Sales tax identification number according to \u00a7 27 a sales tax law:<br \/>EN 214441226<\/p><h2>Consumer dispute resolution\/universal arbitration board<\/h2><p>We are not willing or obliged to participate in dispute resolution proceedings before a consumer arbitration board.<\/p><h2>Website<\/h2><p><a href=\"https:\/\/www.multi2media.de\/\" target=\"_blank\" rel=\"noopener\">Multi2Media<\/a><\/p>\t\t\t\t\t\t\t\t<\/div>\n\t\t\t\t<\/div>\n\t\t\t\t\t<\/div>\n\t\t\t\t<\/div>\n\t\t\t\t<\/div>","protected":false},"excerpt":{"rendered":"<p>Zur\u00fcck zur Startseite Impressum Tech Cluster Real Estate GmbHSemmelweisstra\u00dfe 582152 Planegg Handelsregister: HRB 134500Registergericht: M\u00fcnchen Vertreten durch:Gesch\u00e4ftsf\u00fchrer: Manfred Wander Kontakt Telefon: +49 (0) 89 85 89 63 0E-Mail: kontakt@techcluster-realestate.de Umsatzsteuer-ID Umsatzsteuer-Identifikationsnummer gem\u00e4\u00df \u00a7 27 a Umsatzsteuergesetz:DE 214441226 Verbraucher\u00adstreit\u00adbeilegung\/Universal\u00adschlichtungs\u00adstelle Wir sind nicht bereit oder verpflichtet, an Streitbeilegungsverfahren vor einer Verbraucherschlichtungsstelle teilzunehmen. Website Multi2Media<\/p>","protected":false},"author":1,"featured_media":0,"parent":0,"menu_order":0,"comment_status":"closed","ping_status":"closed","template":"","meta":{"_seopress_robots_primary_cat":"","_seopress_titles_title":"","_seopress_titles_desc":"","_seopress_robots_index":"","footnotes":""},"class_list":["post-1217","page","type-page","status-publish","hentry"],"_links":{"self":[{"href":"https:\/\/www.techcluster-realestate.de\/en\/wp-json\/wp\/v2\/pages\/1217","targetHints":{"allow":["GET"]}}],"collection":[{"href":"https:\/\/www.techcluster-realestate.de\/en\/wp-json\/wp\/v2\/pages"}],"about":[{"href":"https:\/\/www.techcluster-realestate.de\/en\/wp-json\/wp\/v2\/types\/page"}],"author":[{"embeddable":true,"href":"https:\/\/www.techcluster-realestate.de\/en\/wp-json\/wp\/v2\/users\/1"}],"replies":[{"embeddable":true,"href":"https:\/\/www.techcluster-realestate.de\/en\/wp-json\/wp\/v2\/comments?post=1217"}],"version-history":[{"count":25,"href":"https:\/\/www.techcluster-realestate.de\/en\/wp-json\/wp\/v2\/pages\/1217\/revisions"}],"predecessor-version":[{"id":1853,"href":"https:\/\/www.techcluster-realestate.de\/en\/wp-json\/wp\/v2\/pages\/1217\/revisions\/1853"}],"wp:attachment":[{"href":"https:\/\/www.techcluster-realestate.de\/en\/wp-json\/wp\/v2\/media?parent=1217"}],"curies":[{"name":"wp","href":"https:\/\/api.w.org\/{rel}","templated":true}]}}