{"id":1487,"date":"2026-02-17T15:10:43","date_gmt":"2026-02-17T14:10:43","guid":{"rendered":"https:\/\/www.techcluster-realestate.de\/?page_id=1487"},"modified":"2026-03-19T08:08:55","modified_gmt":"2026-03-19T07:08:55","slug":"accessibility","status":"publish","type":"page","link":"https:\/\/www.techcluster-realestate.de\/en\/barrierefreiheit\/","title":{"rendered":"Accessibility"},"content":{"rendered":"<div data-elementor-type=\"wp-page\" data-elementor-id=\"1487\" class=\"elementor elementor-1487\" data-elementor-post-type=\"page\">\n\t\t\t\t<div class=\"elementor-element elementor-element-386bbe0 e-flex e-con-boxed e-con e-parent\" data-id=\"386bbe0\" data-element_type=\"container\" data-e-type=\"container\" data-settings=\"{&quot;background_background&quot;:&quot;classic&quot;}\">\n\t\t\t\t\t<div class=\"e-con-inner\">\n\t\t<div class=\"elementor-element elementor-element-3d48f92 e-con-full e-flex e-con e-child\" data-id=\"3d48f92\" data-element_type=\"container\" data-e-type=\"container\">\n\t\t\t\t<\/div>\n\t\t\t\t\t<\/div>\n\t\t\t\t<\/div>\n\t\t<div class=\"elementor-element elementor-element-f1017a5 e-flex e-con-boxed e-con e-parent\" data-id=\"f1017a5\" data-element_type=\"container\" data-e-type=\"container\">\n\t\t\t\t\t<div class=\"e-con-inner\">\n\t\t<div class=\"elementor-element elementor-element-3be381a e-con-full e-flex e-con e-child\" data-id=\"3be381a\" data-element_type=\"container\" data-e-type=\"container\">\n\t\t\t\t<div class=\"elementor-element elementor-element-d537f90 elementor-widget elementor-widget-button\" data-id=\"d537f90\" data-element_type=\"widget\" data-e-type=\"widget\" data-widget_type=\"button.default\">\n\t\t\t\t\t\t\t\t\t\t<a class=\"elementor-button elementor-button-link elementor-size-sm\" href=\"https:\/\/www.techcluster-realestate.de\/en\">\n\t\t\t\t\t\t<span class=\"elementor-button-content-wrapper\">\n\t\t\t\t\t\t<span class=\"elementor-button-icon\">\n\t\t\t\t<svg aria-hidden=\"true\" class=\"e-font-icon-svg e-fas-long-arrow-alt-left\" viewbox=\"0 0 448 512\" xmlns=\"http:\/\/www.w3.org\/2000\/svg\"><path d=\"M134.059 296H436c6.627 0 12-5.373 12-12v-56c0-6.627-5.373-12-12-12H134.059v-46.059c0-21.382-25.851-32.09-40.971-16.971L7.029 239.029c-9.373 9.373-9.373 24.569 0 33.941l86.059 86.059c15.119 15.119 40.971 4.411 40.971-16.971V296z\"><\/path><\/svg>\t\t\t<\/span>\n\t\t\t\t\t\t\t\t\t<span class=\"elementor-button-text\">Back to the homepage<\/span>\n\t\t\t\t\t<\/span>\n\t\t\t\t\t<\/a>\n\t\t\t\t\t\t\t\t<\/div>\n\t\t\t\t<div class=\"elementor-element elementor-element-87f103d elementor-widget elementor-widget-text-editor\" data-id=\"87f103d\" data-element_type=\"widget\" data-e-type=\"widget\" data-widget_type=\"text-editor.default\">\n\t\t\t\t\t\t\t\t\t<p>As the website operator, we (Tech Cluster Real Estate GmbH) endeavor to design the website in accordance with the relevant accessibility regulations. The following legal provisions apply to us:<\/p><p>Bavarian Act on Equality, Integration and Participation of People with Disabilities (Bavarian Disability Equality Act - BayBGG) and Bavarian Barrier-free Information Technology Ordinance (BayBITV)<\/p><h2>Website<\/h2><p>This accessibility statement applies to the website <a href=\"https:\/\/www.techcluster-realestate.de\/en\/\" target=\"_blank\" rel=\"noopener\">https:\/\/www.techcluster-realestate.de<\/a><\/p><h3>Last update of the website<\/h3><p>The content of this website was last revised on 19.03.2026.<\/p><h2>Feedback and contact details<\/h2><p>Have you noticed any shortcomings in the accessibility of content on our website or do you have any comments or questions about accessibility? Please feel free to contact us at:<\/p><p>Tech Cluster Real Estate GmbH<br \/>Semmelweisstrasse 5<br \/>82152 Planegg<\/p><p>Phone: +49 (0) 89 - 85 89 63 0<br \/>E-mail: kontakt@techcluster-realestate.de<\/p><h2>Status of compatibility with the requirements<\/h2><p>This website is fully compliant with the accessibility regulations that apply to us.<\/p><h2>Further measures to improve barrier-free access to our website<\/h2><p>We are constantly striving to improve the accessibility of our website. We are currently doing the following:<\/p><p>We are actively working to make our digital platform accessible to all users. To this end, we have added a new widget on the right-hand side that can be used to access various tools to improve accessibility:<\/p><ul><li>Larger text<\/li><li>Enlarge cursor<\/li><li>Adjust line height<\/li><li>Increase letter spacing<\/li><li>Legible font<\/li><li>Align text<\/li><li>Highlight links<\/li><li>Invert colors<\/li><li>Adjust brightness<\/li><li>Activate grayscale<\/li><li>Show reading line<\/li><li>Use reading mask<\/li><li>Hide images<\/li><li>Highlight everything<\/li><li>Stop animations<\/li><\/ul><p>You can also use the \u201cImprove accessibility\u201d button to provide suggestions for improvement and feedback. Your feedback will help us to make our website even more accessible for all users.<\/p>\t\t\t\t\t\t\t\t<\/div>\n\t\t\t\t<div class=\"elementor-element elementor-element-0bc35c9 elementor-widget elementor-widget-button\" data-id=\"0bc35c9\" data-element_type=\"widget\" data-e-type=\"widget\" data-widget_type=\"button.default\">\n\t\t\t\t\t\t\t\t\t\t<a class=\"elementor-button elementor-button-link elementor-size-sm\" href=\"https:\/\/www.multi2media.de\/barrierefreiheit\/feedback\/?website=www.techcluster-realestate.de\" target=\"_blank\">\n\t\t\t\t\t\t<span class=\"elementor-button-content-wrapper\">\n\t\t\t\t\t\t\t\t\t<span class=\"elementor-button-text\">Suggestions for improving accessibility<\/span>\n\t\t\t\t\t<\/span>\n\t\t\t\t\t<\/a>\n\t\t\t\t\t\t\t\t<\/div>\n\t\t\t\t<div class=\"elementor-element elementor-element-b61e4ef elementor-widget elementor-widget-text-editor\" data-id=\"b61e4ef\" data-element_type=\"widget\" data-e-type=\"widget\" data-widget_type=\"text-editor.default\">\n\t\t\t\t\t\t\t\t\t<h2>Enforcement proceedings<\/h2><p>If you believe that you have been disadvantaged by the inadequate accessibility of our website, you can contact the responsible enforcement body. You can reach them at:<\/p><p>State Office for Digitization, Broadband and Surveying<br \/>IT Service Center of the Free State of Bavaria<br \/>Enforcement and monitoring body for accessible information technology<br \/>St.-Martin-Stra\u00dfe 47<br \/>81541 Munich<\/p><p>E-Mail:\u00a0<a href=\"mailto:bitv@bayern.de\">bitv@bayern.de<\/a><\/p><h2>Preparation of this accessibility statement<\/h2><p>This declaration was created on 17.02.2026.<\/p><p>The declaration was last reviewed on 19.03.2026.<\/p>\t\t\t\t\t\t\t\t<\/div>\n\t\t\t\t<\/div>\n\t\t\t\t\t<\/div>\n\t\t\t\t<\/div>\n\t\t\t\t<\/div>","protected":false},"excerpt":{"rendered":"<p>Zur\u00fcck zur Startseite Wir (Tech Cluster Real Estate GmbH) als Websitebetreiber sind bem\u00fcht, die Website in Einklang mit den einschl\u00e4gigen Vorschriften zur Barrierefreiheit zu gestalten. F\u00fcr uns gelten folgende Rechtsvorschriften: Bayerisches Gesetz zur Gleichstellung, Integration und Teilhabe von Menschen mit Behinderung (Bayerisches Behindertengleichstellungsgesetz \u2013 BayBGG) und Bayerische Barrierefreie Informationstechnik-Verordnung (BayBITV) Website Diese Erkl\u00e4rung zur Barrierefreiheit [&hellip;]<\/p>\n","protected":false},"author":1,"featured_media":0,"parent":0,"menu_order":0,"comment_status":"closed","ping_status":"closed","template":"","meta":{"_seopress_robots_primary_cat":"","_seopress_titles_title":"","_seopress_titles_desc":"","_seopress_robots_index":"","footnotes":""},"class_list":["post-1487","page","type-page","status-publish","hentry"],"_links":{"self":[{"href":"https:\/\/www.techcluster-realestate.de\/en\/wp-json\/wp\/v2\/pages\/1487","targetHints":{"allow":["GET"]}}],"collection":[{"href":"https:\/\/www.techcluster-realestate.de\/en\/wp-json\/wp\/v2\/pages"}],"about":[{"href":"https:\/\/www.techcluster-realestate.de\/en\/wp-json\/wp\/v2\/types\/page"}],"author":[{"embeddable":true,"href":"https:\/\/www.techcluster-realestate.de\/en\/wp-json\/wp\/v2\/users\/1"}],"replies":[{"embeddable":true,"href":"https:\/\/www.techcluster-realestate.de\/en\/wp-json\/wp\/v2\/comments?post=1487"}],"version-history":[{"count":10,"href":"https:\/\/www.techcluster-realestate.de\/en\/wp-json\/wp\/v2\/pages\/1487\/revisions"}],"predecessor-version":[{"id":1982,"href":"https:\/\/www.techcluster-realestate.de\/en\/wp-json\/wp\/v2\/pages\/1487\/revisions\/1982"}],"wp:attachment":[{"href":"https:\/\/www.techcluster-realestate.de\/en\/wp-json\/wp\/v2\/media?parent=1487"}],"curies":[{"name":"wp","href":"https:\/\/api.w.org\/{rel}","templated":true}]}}